{"id":2164,"date":"2024-05-11T00:04:38","date_gmt":"2024-05-10T22:04:38","guid":{"rendered":"https:\/\/www.abiskoadventure.com\/vara-aventyr\/abisko-aurora-snowshoeing\/"},"modified":"2026-02-13T08:44:27","modified_gmt":"2026-02-13T07:44:27","slug":"aurora-snoskovandring","status":"publish","type":"page","link":"https:\/\/www.abiskoadventure.com\/sv\/vara-aventyr\/aurora-snoskovandring\/","title":{"rendered":"Aurora Sn\u00f6skovandring"},"content":{"rendered":"","protected":false},"excerpt":{"rendered":"","protected":false},"author":12,"featured_media":0,"parent":2227,"menu_order":3,"comment_status":"closed","ping_status":"closed","template":"","meta":{"_acf_changed":false,"footnotes":""},"class_list":["post-2164","page","type-page","status-publish","hentry"],"acf":[],"yoast_head":"<!-- This site is optimized with the Yoast SEO Premium plugin v27.2 (Yoast SEO v27.2) - https:\/\/yoast.com\/product\/yoast-seo-premium-wordpress\/ -->\n<title>Norrskenstur | Aurora sn\u00f6skovandring med Abisko Adventure<\/title>\n<meta name=\"description\" content=\"F\u00f6lj med p\u00e5 v\u00e5r Aurora-tur och leta efter norrskenet p\u00e5 en guidad kv\u00e4llsvandring med sn\u00f6skor ovanf\u00f6r polcirkeln i Abisko. Boka idag!\" \/>\n<meta name=\"robots\" content=\"index, follow, max-snippet:-1, max-image-preview:large, max-video-preview:-1\" \/>\n<link rel=\"canonical\" href=\"https:\/\/www.abiskoadventure.com\/sv\/vara-aventyr\/aurora-snoskovandring\/\" \/>\n<meta property=\"og:locale\" content=\"sv_SE\" \/>\n<meta property=\"og:type\" content=\"article\" \/>\n<meta property=\"og:title\" content=\"Aurora Sn\u00f6skovandring\" \/>\n<meta property=\"og:description\" content=\"F\u00f6lj med p\u00e5 v\u00e5r Aurora-tur och leta efter norrskenet p\u00e5 en guidad kv\u00e4llsvandring med sn\u00f6skor ovanf\u00f6r polcirkeln i Abisko. Boka idag!\" \/>\n<meta property=\"og:url\" content=\"https:\/\/www.abiskoadventure.com\/sv\/vara-aventyr\/aurora-snoskovandring\/\" \/>\n<meta property=\"og:site_name\" content=\"Abisko Adventure\" \/>\n<meta property=\"article:publisher\" content=\"https:\/\/www.facebook.com\/abiskoadventure\/?locale=sv_SE\" \/>\n<meta property=\"article:modified_time\" content=\"2026-02-13T07:44:27+00:00\" \/>\n<meta property=\"og:image\" content=\"https:\/\/www.abiskoadventure.com\/wp-content\/uploads\/2024\/06\/share-image.png\" \/>\n\t<meta property=\"og:image:width\" content=\"1200\" \/>\n\t<meta property=\"og:image:height\" content=\"675\" \/>\n\t<meta property=\"og:image:type\" content=\"image\/png\" \/>\n<meta name=\"twitter:card\" content=\"summary_large_image\" \/>\n<meta name=\"twitter:label1\" content=\"Ber\u00e4knad l\u00e4stid\" \/>\n\t<meta name=\"twitter:data1\" content=\"3 minuter\" \/>\n<script type=\"application\/ld+json\" class=\"yoast-schema-graph\">{\"@context\":\"https:\/\/schema.org\",\"@graph\":[{\"@type\":[\"WebPage\",\"ItemPage\"],\"@id\":\"https:\/\/www.abiskoadventure.com\/sv\/vara-aventyr\/aurora-snoskovandring\/\",\"url\":\"https:\/\/www.abiskoadventure.com\/sv\/vara-aventyr\/aurora-snoskovandring\/\",\"name\":\"Norrskenstur | Aurora sn\u00f6skovandring med Abisko Adventure\",\"isPartOf\":{\"@id\":\"https:\/\/www.abiskoadventure.com\/#website\"},\"datePublished\":\"2024-05-10T22:04:38+00:00\",\"dateModified\":\"2026-02-13T07:44:27+00:00\",\"description\":\"F\u00f6lj med p\u00e5 v\u00e5r Aurora-tur och leta efter norrskenet p\u00e5 en guidad kv\u00e4llsvandring med sn\u00f6skor ovanf\u00f6r polcirkeln i Abisko. Boka idag!\",\"breadcrumb\":{\"@id\":\"https:\/\/www.abiskoadventure.com\/sv\/vara-aventyr\/aurora-snoskovandring\/#breadcrumb\"},\"inLanguage\":\"sv-SE\",\"potentialAction\":[{\"@type\":\"ReadAction\",\"target\":[\"https:\/\/www.abiskoadventure.com\/sv\/vara-aventyr\/aurora-snoskovandring\/\"]}]},{\"@type\":\"BreadcrumbList\",\"@id\":\"https:\/\/www.abiskoadventure.com\/sv\/vara-aventyr\/aurora-snoskovandring\/#breadcrumb\",\"itemListElement\":[{\"@type\":\"ListItem\",\"position\":1,\"name\":\"Home\",\"item\":\"https:\/\/www.abiskoadventure.com\/sv\/\"},{\"@type\":\"ListItem\",\"position\":2,\"name\":\"Sommar \u00c4ventyr\",\"item\":\"https:\/\/www.abiskoadventure.com\/sv\/vara-aventyr\/\"},{\"@type\":\"ListItem\",\"position\":3,\"name\":\"Aurora Sn\u00f6skovandring\"}]},{\"@type\":\"WebSite\",\"@id\":\"https:\/\/www.abiskoadventure.com\/#website\",\"url\":\"https:\/\/www.abiskoadventure.com\/\",\"name\":\"Abisko Adventure\",\"description\":\"...your guide above the arctic circle\",\"publisher\":{\"@id\":\"https:\/\/www.abiskoadventure.com\/#organization\"},\"potentialAction\":[{\"@type\":\"SearchAction\",\"target\":{\"@type\":\"EntryPoint\",\"urlTemplate\":\"https:\/\/www.abiskoadventure.com\/?s={search_term_string}\"},\"query-input\":{\"@type\":\"PropertyValueSpecification\",\"valueRequired\":true,\"valueName\":\"search_term_string\"}}],\"inLanguage\":\"sv-SE\"},{\"@type\":\"Organization\",\"@id\":\"https:\/\/www.abiskoadventure.com\/#organization\",\"name\":\"Abisko Adventure\",\"url\":\"https:\/\/www.abiskoadventure.com\/\",\"logo\":{\"@type\":\"ImageObject\",\"inLanguage\":\"sv-SE\",\"@id\":\"https:\/\/www.abiskoadventure.com\/#\/schema\/logo\/image\/\",\"url\":\"https:\/\/www.abiskoadventure.com\/wp-content\/uploads\/2024\/06\/share-image.png\",\"contentUrl\":\"https:\/\/www.abiskoadventure.com\/wp-content\/uploads\/2024\/06\/share-image.png\",\"width\":1200,\"height\":675,\"caption\":\"Abisko Adventure\"},\"image\":{\"@id\":\"https:\/\/www.abiskoadventure.com\/#\/schema\/logo\/image\/\"},\"sameAs\":[\"https:\/\/www.facebook.com\/abiskoadventure\/?locale=sv_SE\",\"https:\/\/www.instagram.com\/abisko.adventure\/\"]}]}<\/script>\n<!-- \/ Yoast SEO Premium plugin. -->","yoast_head_json":{"title":"Norrskenstur | Aurora sn\u00f6skovandring med Abisko Adventure","description":"F\u00f6lj med p\u00e5 v\u00e5r Aurora-tur och leta efter norrskenet p\u00e5 en guidad kv\u00e4llsvandring med sn\u00f6skor ovanf\u00f6r polcirkeln i Abisko. Boka idag!","robots":{"index":"index","follow":"follow","max-snippet":"max-snippet:-1","max-image-preview":"max-image-preview:large","max-video-preview":"max-video-preview:-1"},"canonical":"https:\/\/www.abiskoadventure.com\/sv\/vara-aventyr\/aurora-snoskovandring\/","og_locale":"sv_SE","og_type":"article","og_title":"Aurora Sn\u00f6skovandring","og_description":"F\u00f6lj med p\u00e5 v\u00e5r Aurora-tur och leta efter norrskenet p\u00e5 en guidad kv\u00e4llsvandring med sn\u00f6skor ovanf\u00f6r polcirkeln i Abisko. Boka idag!","og_url":"https:\/\/www.abiskoadventure.com\/sv\/vara-aventyr\/aurora-snoskovandring\/","og_site_name":"Abisko Adventure","article_publisher":"https:\/\/www.facebook.com\/abiskoadventure\/?locale=sv_SE","article_modified_time":"2026-02-13T07:44:27+00:00","og_image":[{"width":1200,"height":675,"url":"https:\/\/www.abiskoadventure.com\/wp-content\/uploads\/2024\/06\/share-image.png","type":"image\/png"}],"twitter_card":"summary_large_image","twitter_misc":{"Ber\u00e4knad l\u00e4stid":"3 minuter"},"schema":{"@context":"https:\/\/schema.org","@graph":[{"@type":["WebPage","ItemPage"],"@id":"https:\/\/www.abiskoadventure.com\/sv\/vara-aventyr\/aurora-snoskovandring\/","url":"https:\/\/www.abiskoadventure.com\/sv\/vara-aventyr\/aurora-snoskovandring\/","name":"Norrskenstur | Aurora sn\u00f6skovandring med Abisko Adventure","isPartOf":{"@id":"https:\/\/www.abiskoadventure.com\/#website"},"datePublished":"2024-05-10T22:04:38+00:00","dateModified":"2026-02-13T07:44:27+00:00","description":"F\u00f6lj med p\u00e5 v\u00e5r Aurora-tur och leta efter norrskenet p\u00e5 en guidad kv\u00e4llsvandring med sn\u00f6skor ovanf\u00f6r polcirkeln i Abisko. Boka idag!","breadcrumb":{"@id":"https:\/\/www.abiskoadventure.com\/sv\/vara-aventyr\/aurora-snoskovandring\/#breadcrumb"},"inLanguage":"sv-SE","potentialAction":[{"@type":"ReadAction","target":["https:\/\/www.abiskoadventure.com\/sv\/vara-aventyr\/aurora-snoskovandring\/"]}]},{"@type":"BreadcrumbList","@id":"https:\/\/www.abiskoadventure.com\/sv\/vara-aventyr\/aurora-snoskovandring\/#breadcrumb","itemListElement":[{"@type":"ListItem","position":1,"name":"Home","item":"https:\/\/www.abiskoadventure.com\/sv\/"},{"@type":"ListItem","position":2,"name":"Sommar \u00c4ventyr","item":"https:\/\/www.abiskoadventure.com\/sv\/vara-aventyr\/"},{"@type":"ListItem","position":3,"name":"Aurora Sn\u00f6skovandring"}]},{"@type":"WebSite","@id":"https:\/\/www.abiskoadventure.com\/#website","url":"https:\/\/www.abiskoadventure.com\/","name":"Abisko Adventure","description":"...your guide above the arctic circle","publisher":{"@id":"https:\/\/www.abiskoadventure.com\/#organization"},"potentialAction":[{"@type":"SearchAction","target":{"@type":"EntryPoint","urlTemplate":"https:\/\/www.abiskoadventure.com\/?s={search_term_string}"},"query-input":{"@type":"PropertyValueSpecification","valueRequired":true,"valueName":"search_term_string"}}],"inLanguage":"sv-SE"},{"@type":"Organization","@id":"https:\/\/www.abiskoadventure.com\/#organization","name":"Abisko Adventure","url":"https:\/\/www.abiskoadventure.com\/","logo":{"@type":"ImageObject","inLanguage":"sv-SE","@id":"https:\/\/www.abiskoadventure.com\/#\/schema\/logo\/image\/","url":"https:\/\/www.abiskoadventure.com\/wp-content\/uploads\/2024\/06\/share-image.png","contentUrl":"https:\/\/www.abiskoadventure.com\/wp-content\/uploads\/2024\/06\/share-image.png","width":1200,"height":675,"caption":"Abisko Adventure"},"image":{"@id":"https:\/\/www.abiskoadventure.com\/#\/schema\/logo\/image\/"},"sameAs":["https:\/\/www.facebook.com\/abiskoadventure\/?locale=sv_SE","https:\/\/www.instagram.com\/abisko.adventure\/"]}]}},"_links":{"self":[{"href":"https:\/\/www.abiskoadventure.com\/sv\/wp-json\/wp\/v2\/pages\/2164","targetHints":{"allow":["GET"]}}],"collection":[{"href":"https:\/\/www.abiskoadventure.com\/sv\/wp-json\/wp\/v2\/pages"}],"about":[{"href":"https:\/\/www.abiskoadventure.com\/sv\/wp-json\/wp\/v2\/types\/page"}],"author":[{"embeddable":true,"href":"https:\/\/www.abiskoadventure.com\/sv\/wp-json\/wp\/v2\/users\/12"}],"replies":[{"embeddable":true,"href":"https:\/\/www.abiskoadventure.com\/sv\/wp-json\/wp\/v2\/comments?post=2164"}],"version-history":[{"count":12,"href":"https:\/\/www.abiskoadventure.com\/sv\/wp-json\/wp\/v2\/pages\/2164\/revisions"}],"predecessor-version":[{"id":3821,"href":"https:\/\/www.abiskoadventure.com\/sv\/wp-json\/wp\/v2\/pages\/2164\/revisions\/3821"}],"up":[{"embeddable":true,"href":"https:\/\/www.abiskoadventure.com\/sv\/wp-json\/wp\/v2\/pages\/2227"}],"wp:attachment":[{"href":"https:\/\/www.abiskoadventure.com\/sv\/wp-json\/wp\/v2\/media?parent=2164"}],"curies":[{"name":"wp","href":"https:\/\/api.w.org\/{rel}","templated":true}]}}