{"id":1930,"date":"2024-04-09T13:51:04","date_gmt":"2024-04-09T11:51:04","guid":{"rendered":"https:\/\/www.abiskoadventure.com\/vanliga-fragor\/"},"modified":"2025-10-10T10:50:29","modified_gmt":"2025-10-10T08:50:29","slug":"vanliga-fragor","status":"publish","type":"page","link":"https:\/\/www.abiskoadventure.com\/sv\/vanliga-fragor\/","title":{"rendered":"Vanliga fr\u00e5gor"},"content":{"rendered":"","protected":false},"excerpt":{"rendered":"","protected":false},"author":1,"featured_media":0,"parent":0,"menu_order":18,"comment_status":"closed","ping_status":"closed","template":"","meta":{"_acf_changed":false,"footnotes":""},"class_list":["post-1930","page","type-page","status-publish","hentry"],"acf":[],"yoast_head":"<!-- This site is optimized with the Yoast SEO Premium plugin v27.6 (Yoast SEO v27.6) - https:\/\/yoast.com\/product\/yoast-seo-premium-wordpress\/ -->\n<title>Vanliga fr\u00e5gor och svar - Abisko Adventure<\/title>\n<meta name=\"description\" content=\"Hitta svaren p\u00e5 de vanligaste fr\u00e5gor om norrsken, \u00e4ventyr &amp; fj\u00e4llmilj\u00f6 i Abisko. Allt du beh\u00f6ver f\u00f6rbereda inf\u00f6r din of\u00f6rgl\u00f6mliga Abisko-resa\" \/>\n<meta name=\"robots\" content=\"index, follow, max-snippet:-1, max-image-preview:large, max-video-preview:-1\" \/>\n<link rel=\"canonical\" href=\"https:\/\/www.abiskoadventure.com\/faq\/\" \/>\n<meta property=\"og:locale\" content=\"sv_SE\" \/>\n<meta property=\"og:type\" content=\"article\" \/>\n<meta property=\"og:title\" content=\"Vanliga fr\u00e5gor\" \/>\n<meta property=\"og:description\" content=\"Hitta svaren p\u00e5 de vanligaste fr\u00e5gor om norrsken, \u00e4ventyr &amp; fj\u00e4llmilj\u00f6 i Abisko. Allt du beh\u00f6ver f\u00f6rbereda inf\u00f6r din of\u00f6rgl\u00f6mliga Abisko-resa\" \/>\n<meta property=\"og:url\" content=\"https:\/\/www.abiskoadventure.com\/faq\/\" \/>\n<meta property=\"og:site_name\" content=\"Abisko Adventure\" \/>\n<meta property=\"article:publisher\" content=\"https:\/\/www.facebook.com\/abiskoadventure\/?locale=sv_SE\" \/>\n<meta property=\"article:modified_time\" content=\"2025-10-10T08:50:29+00:00\" \/>\n<meta property=\"og:image\" content=\"https:\/\/www.abiskoadventure.com\/wp-content\/uploads\/2024\/06\/share-image.png\" \/>\n\t<meta property=\"og:image:width\" content=\"1200\" \/>\n\t<meta property=\"og:image:height\" content=\"675\" \/>\n\t<meta property=\"og:image:type\" content=\"image\/png\" \/>\n<meta name=\"twitter:card\" content=\"summary_large_image\" \/>\n<meta name=\"twitter:label1\" content=\"Ber\u00e4knad l\u00e4stid\" \/>\n\t<meta name=\"twitter:data1\" content=\"5 minuter\" \/>\n<script type=\"application\/ld+json\" class=\"yoast-schema-graph\">{\"@context\":\"https:\\\/\\\/schema.org\",\"@graph\":[{\"@type\":\"WebPage\",\"@id\":\"https:\\\/\\\/www.abiskoadventure.com\\\/faq\\\/\",\"url\":\"https:\\\/\\\/www.abiskoadventure.com\\\/faq\\\/\",\"name\":\"Vanliga fr\u00e5gor och svar - Abisko Adventure\",\"isPartOf\":{\"@id\":\"https:\\\/\\\/www.abiskoadventure.com\\\/#website\"},\"datePublished\":\"2024-04-09T11:51:04+00:00\",\"dateModified\":\"2025-10-10T08:50:29+00:00\",\"description\":\"Hitta svaren p\u00e5 de vanligaste fr\u00e5gor om norrsken, \u00e4ventyr & fj\u00e4llmilj\u00f6 i Abisko. Allt du beh\u00f6ver f\u00f6rbereda inf\u00f6r din of\u00f6rgl\u00f6mliga Abisko-resa\",\"breadcrumb\":{\"@id\":\"https:\\\/\\\/www.abiskoadventure.com\\\/faq\\\/#breadcrumb\"},\"inLanguage\":\"sv-SE\",\"potentialAction\":[{\"@type\":\"ReadAction\",\"target\":[\"https:\\\/\\\/www.abiskoadventure.com\\\/faq\\\/\"]}]},{\"@type\":\"BreadcrumbList\",\"@id\":\"https:\\\/\\\/www.abiskoadventure.com\\\/faq\\\/#breadcrumb\",\"itemListElement\":[{\"@type\":\"ListItem\",\"position\":1,\"name\":\"Home\",\"item\":\"https:\\\/\\\/www.abiskoadventure.com\\\/sv\\\/abisko-adventure\\\/\"},{\"@type\":\"ListItem\",\"position\":2,\"name\":\"Vanliga fr\u00e5gor\"}]},{\"@type\":\"WebSite\",\"@id\":\"https:\\\/\\\/www.abiskoadventure.com\\\/#website\",\"url\":\"https:\\\/\\\/www.abiskoadventure.com\\\/\",\"name\":\"Abisko Adventure\",\"description\":\"...your guide above the arctic circle\",\"publisher\":{\"@id\":\"https:\\\/\\\/www.abiskoadventure.com\\\/#organization\"},\"potentialAction\":[{\"@type\":\"SearchAction\",\"target\":{\"@type\":\"EntryPoint\",\"urlTemplate\":\"https:\\\/\\\/www.abiskoadventure.com\\\/?s={search_term_string}\"},\"query-input\":{\"@type\":\"PropertyValueSpecification\",\"valueRequired\":true,\"valueName\":\"search_term_string\"}}],\"inLanguage\":\"sv-SE\"},{\"@type\":\"Organization\",\"@id\":\"https:\\\/\\\/www.abiskoadventure.com\\\/#organization\",\"name\":\"Abisko Adventure\",\"url\":\"https:\\\/\\\/www.abiskoadventure.com\\\/\",\"logo\":{\"@type\":\"ImageObject\",\"inLanguage\":\"sv-SE\",\"@id\":\"https:\\\/\\\/www.abiskoadventure.com\\\/#\\\/schema\\\/logo\\\/image\\\/\",\"url\":\"https:\\\/\\\/www.abiskoadventure.com\\\/wp-content\\\/uploads\\\/2024\\\/06\\\/share-image.png\",\"contentUrl\":\"https:\\\/\\\/www.abiskoadventure.com\\\/wp-content\\\/uploads\\\/2024\\\/06\\\/share-image.png\",\"width\":1200,\"height\":675,\"caption\":\"Abisko Adventure\"},\"image\":{\"@id\":\"https:\\\/\\\/www.abiskoadventure.com\\\/#\\\/schema\\\/logo\\\/image\\\/\"},\"sameAs\":[\"https:\\\/\\\/www.facebook.com\\\/abiskoadventure\\\/?locale=sv_SE\",\"https:\\\/\\\/www.instagram.com\\\/abisko.adventure\\\/\"]}]}<\/script>\n<!-- \/ Yoast SEO Premium plugin. -->","yoast_head_json":{"title":"Vanliga fr\u00e5gor och svar - Abisko Adventure","description":"Hitta svaren p\u00e5 de vanligaste fr\u00e5gor om norrsken, \u00e4ventyr & fj\u00e4llmilj\u00f6 i Abisko. Allt du beh\u00f6ver f\u00f6rbereda inf\u00f6r din of\u00f6rgl\u00f6mliga Abisko-resa","robots":{"index":"index","follow":"follow","max-snippet":"max-snippet:-1","max-image-preview":"max-image-preview:large","max-video-preview":"max-video-preview:-1"},"canonical":"https:\/\/www.abiskoadventure.com\/faq\/","og_locale":"sv_SE","og_type":"article","og_title":"Vanliga fr\u00e5gor","og_description":"Hitta svaren p\u00e5 de vanligaste fr\u00e5gor om norrsken, \u00e4ventyr & fj\u00e4llmilj\u00f6 i Abisko. Allt du beh\u00f6ver f\u00f6rbereda inf\u00f6r din of\u00f6rgl\u00f6mliga Abisko-resa","og_url":"https:\/\/www.abiskoadventure.com\/faq\/","og_site_name":"Abisko Adventure","article_publisher":"https:\/\/www.facebook.com\/abiskoadventure\/?locale=sv_SE","article_modified_time":"2025-10-10T08:50:29+00:00","og_image":[{"width":1200,"height":675,"url":"https:\/\/www.abiskoadventure.com\/wp-content\/uploads\/2024\/06\/share-image.png","type":"image\/png"}],"twitter_card":"summary_large_image","twitter_misc":{"Ber\u00e4knad l\u00e4stid":"5 minuter"},"schema":{"@context":"https:\/\/schema.org","@graph":[{"@type":"WebPage","@id":"https:\/\/www.abiskoadventure.com\/faq\/","url":"https:\/\/www.abiskoadventure.com\/faq\/","name":"Vanliga fr\u00e5gor och svar - Abisko Adventure","isPartOf":{"@id":"https:\/\/www.abiskoadventure.com\/#website"},"datePublished":"2024-04-09T11:51:04+00:00","dateModified":"2025-10-10T08:50:29+00:00","description":"Hitta svaren p\u00e5 de vanligaste fr\u00e5gor om norrsken, \u00e4ventyr & fj\u00e4llmilj\u00f6 i Abisko. Allt du beh\u00f6ver f\u00f6rbereda inf\u00f6r din of\u00f6rgl\u00f6mliga Abisko-resa","breadcrumb":{"@id":"https:\/\/www.abiskoadventure.com\/faq\/#breadcrumb"},"inLanguage":"sv-SE","potentialAction":[{"@type":"ReadAction","target":["https:\/\/www.abiskoadventure.com\/faq\/"]}]},{"@type":"BreadcrumbList","@id":"https:\/\/www.abiskoadventure.com\/faq\/#breadcrumb","itemListElement":[{"@type":"ListItem","position":1,"name":"Home","item":"https:\/\/www.abiskoadventure.com\/sv\/abisko-adventure\/"},{"@type":"ListItem","position":2,"name":"Vanliga fr\u00e5gor"}]},{"@type":"WebSite","@id":"https:\/\/www.abiskoadventure.com\/#website","url":"https:\/\/www.abiskoadventure.com\/","name":"Abisko Adventure","description":"...your guide above the arctic circle","publisher":{"@id":"https:\/\/www.abiskoadventure.com\/#organization"},"potentialAction":[{"@type":"SearchAction","target":{"@type":"EntryPoint","urlTemplate":"https:\/\/www.abiskoadventure.com\/?s={search_term_string}"},"query-input":{"@type":"PropertyValueSpecification","valueRequired":true,"valueName":"search_term_string"}}],"inLanguage":"sv-SE"},{"@type":"Organization","@id":"https:\/\/www.abiskoadventure.com\/#organization","name":"Abisko Adventure","url":"https:\/\/www.abiskoadventure.com\/","logo":{"@type":"ImageObject","inLanguage":"sv-SE","@id":"https:\/\/www.abiskoadventure.com\/#\/schema\/logo\/image\/","url":"https:\/\/www.abiskoadventure.com\/wp-content\/uploads\/2024\/06\/share-image.png","contentUrl":"https:\/\/www.abiskoadventure.com\/wp-content\/uploads\/2024\/06\/share-image.png","width":1200,"height":675,"caption":"Abisko Adventure"},"image":{"@id":"https:\/\/www.abiskoadventure.com\/#\/schema\/logo\/image\/"},"sameAs":["https:\/\/www.facebook.com\/abiskoadventure\/?locale=sv_SE","https:\/\/www.instagram.com\/abisko.adventure\/"]}]}},"_links":{"self":[{"href":"https:\/\/www.abiskoadventure.com\/sv\/wp-json\/wp\/v2\/pages\/1930","targetHints":{"allow":["GET"]}}],"collection":[{"href":"https:\/\/www.abiskoadventure.com\/sv\/wp-json\/wp\/v2\/pages"}],"about":[{"href":"https:\/\/www.abiskoadventure.com\/sv\/wp-json\/wp\/v2\/types\/page"}],"author":[{"embeddable":true,"href":"https:\/\/www.abiskoadventure.com\/sv\/wp-json\/wp\/v2\/users\/1"}],"replies":[{"embeddable":true,"href":"https:\/\/www.abiskoadventure.com\/sv\/wp-json\/wp\/v2\/comments?post=1930"}],"version-history":[{"count":5,"href":"https:\/\/www.abiskoadventure.com\/sv\/wp-json\/wp\/v2\/pages\/1930\/revisions"}],"predecessor-version":[{"id":2343,"href":"https:\/\/www.abiskoadventure.com\/sv\/wp-json\/wp\/v2\/pages\/1930\/revisions\/2343"}],"wp:attachment":[{"href":"https:\/\/www.abiskoadventure.com\/sv\/wp-json\/wp\/v2\/media?parent=1930"}],"curies":[{"name":"wp","href":"https:\/\/api.w.org\/{rel}","templated":true}]}}